{"id":2,"date":"2015-10-02T12:21:27","date_gmt":"2015-10-02T12:21:27","guid":{"rendered":"http:\/\/www.isibrno.cz\/~jakl\/wordpress\/?page_id=2"},"modified":"2024-03-25T23:49:40","modified_gmt":"2024-03-25T21:49:40","slug":"sample-page","status":"publish","type":"page","link":"http:\/\/www.isibrno.cz\/~jakl\/","title":{"rendered":"Personal history"},"content":{"rendered":"<p><a href=\"http:\/\/www.isibrno.cz\/~jakl\/wp-content\/uploads\/2015\/10\/profile_2015_11_05.jpg\"><img decoding=\"async\" loading=\"lazy\" class=\"wp-image-70 alignright\" src=\"http:\/\/www.isibrno.cz\/~jakl\/wp-content\/uploads\/2015\/10\/profile_2015_11_05-269x300.jpg\" alt=\"\" width=\"158\" height=\"176\" srcset=\"http:\/\/www.isibrno.cz\/~jakl\/wp-content\/uploads\/2015\/10\/profile_2015_11_05-269x300.jpg 269w, http:\/\/www.isibrno.cz\/~jakl\/wp-content\/uploads\/2015\/10\/profile_2015_11_05.jpg 300w\" sizes=\"(max-width: 158px) 100vw, 158px\" \/><\/a><\/p>\n<ul>\n<li>1974\u00a0\u2013 born in Brno, Czech Republic<\/li>\n<li>1989-93 \u2013 grammar school V\u00edde\u0148sk\u00e1 in Brno, specialization in mathematics and physics<\/li>\n<li>1993-98 \u2013 <a href=\"http:\/\/fyzika.fme.vutbr.cz\">Institute of Physical Engineering<\/a>, <a href=\"http:\/\/www.fme.vutbr.cz\">Faculty of Mechanical Engineering<\/a>, <a href=\"http:\/\/www.vutbr.cz\">Brno University of Technology<\/a><\/li>\n<li>1998 \u2013 diploma thesis &#8220;Application of laser diode for optical trapping&#8221;, final grade: honours degree, title Ing. (Czech equivalent of MSc. in technical sciences)<\/li>\n<li>1998-2005 \u2013 postgraduate studies in the same faculty<\/li>\n<li>2005 \u2013 doctoral thesis &#8220;Microscopy with optically held local probe&#8221;, achieved Ph.D. in Physical and Material Engineering<\/li>\n<li>1997-2002 \u2013 student researcher at the Institute of Scientific Instruments (undergraduate \u2192 Ph.D. student)<\/li>\n<li>2002-now \u2013 employee of the Institute of Scientific Instruments (technical worker \u2192 postgraduate \u2192 associate scientist \u2192 scientist)<\/li>\n<\/ul>\n<p align=\"justify\">During my university education I worked in the team of Optical Micromanipulation Techniques (<a href=\"http:\/\/www.isibrno.cz\/omitec\">OMITEC<\/a>) in the <a href=\"http:\/\/www.isibrno.cz\">Institute of Scientific Instruments<\/a> of the <a href=\"http:\/\/www.cas.cz\">Czech Academy of Sciences<\/a> in Brno and both the diploma and Ph.D. theses were prepared there.<\/p>\n<p align=\"justify\">Email contact: jakl@isibrno.cz<\/p>\n","protected":false},"excerpt":{"rendered":"<p>1974\u00a0\u2013 born in Brno, Czech Republic 1989-93 \u2013 grammar school V\u00edde\u0148sk\u00e1 in Brno, specialization in mathematics and physics 1993-98 \u2013 Institute of Physical Engineering, Faculty of Mechanical Engineering, Brno University of Technology 1998 \u2013 diploma thesis &#8220;Application of laser diode for optical trapping&#8221;, final grade: honours degree, title Ing. (Czech equivalent of MSc. in technical &hellip; <a href=\"http:\/\/www.isibrno.cz\/~jakl\/\" class=\"more-link\">Continue reading <span class=\"screen-reader-text\">Personal history<\/span> <span class=\"meta-nav\">&rarr;<\/span><\/a><\/p>\n","protected":false},"author":1,"featured_media":0,"parent":0,"menu_order":0,"comment_status":"closed","ping_status":"open","template":"","meta":[],"_links":{"self":[{"href":"http:\/\/www.isibrno.cz\/~jakl\/wp-json\/wp\/v2\/pages\/2"}],"collection":[{"href":"http:\/\/www.isibrno.cz\/~jakl\/wp-json\/wp\/v2\/pages"}],"about":[{"href":"http:\/\/www.isibrno.cz\/~jakl\/wp-json\/wp\/v2\/types\/page"}],"author":[{"embeddable":true,"href":"http:\/\/www.isibrno.cz\/~jakl\/wp-json\/wp\/v2\/users\/1"}],"replies":[{"embeddable":true,"href":"http:\/\/www.isibrno.cz\/~jakl\/wp-json\/wp\/v2\/comments?post=2"}],"version-history":[{"count":15,"href":"http:\/\/www.isibrno.cz\/~jakl\/wp-json\/wp\/v2\/pages\/2\/revisions"}],"predecessor-version":[{"id":93,"href":"http:\/\/www.isibrno.cz\/~jakl\/wp-json\/wp\/v2\/pages\/2\/revisions\/93"}],"wp:attachment":[{"href":"http:\/\/www.isibrno.cz\/~jakl\/wp-json\/wp\/v2\/media?parent=2"}],"curies":[{"name":"wp","href":"https:\/\/api.w.org\/{rel}","templated":true}]}}